{"id":54,"date":"2024-11-29T11:12:27","date_gmt":"2024-11-29T09:12:27","guid":{"rendered":"https:\/\/www.svennussbaumer.com\/?page_id=54"},"modified":"2024-12-02T23:08:08","modified_gmt":"2024-12-02T21:08:08","slug":"home","status":"publish","type":"page","link":"https:\/\/www.svennussbaumer.com\/","title":{"rendered":"K\u00fcchenchef, Unternehmer, Gastgeber"},"content":{"rendered":"\n<p class=\"has-medium-font-size\"><strong>Sven Nussbaumer<\/strong><\/p>\n\n\n\n<p class=\"has-x-large-font-size\" style=\"line-height:1.1\"><strong>Herzlich Willkommen, <\/strong><\/p>\n\n\n\n<p class=\"has-x-large-font-size\" style=\"line-height:1.1\"><em>unser Credo: Menschen mit unserer Arbeit gl\u00fccklich zu machen. <\/em> <\/p>\n\n\n\n<div class=\"wp-block-columns is-layout-flex wp-container-core-columns-is-layout-28f84493 wp-block-columns-is-layout-flex\">\n<div class=\"wp-block-column is-layout-flow wp-block-column-is-layout-flow\"><\/div>\n\n\n\n<div class=\"wp-block-column is-layout-flow wp-block-column-is-layout-flow\"><\/div>\n<\/div>\n\n\n\n<div class=\"wp-block-columns is-layout-flex wp-container-core-columns-is-layout-28f84493 wp-block-columns-is-layout-flex\">\n<div class=\"wp-block-column is-layout-flow wp-block-column-is-layout-flow\">\n<figure class=\"wp-block-image size-large\"><img loading=\"lazy\" decoding=\"async\" width=\"1024\" height=\"577\" src=\"https:\/\/www.svennussbaumer.com\/wp-content\/uploads\/2024\/11\/20241124_130438-1024x577.jpg\" alt=\"\" class=\"wp-image-48\" srcset=\"https:\/\/www.svennussbaumer.com\/wp-content\/uploads\/2024\/11\/20241124_130438-1024x577.jpg 1024w, https:\/\/www.svennussbaumer.com\/wp-content\/uploads\/2024\/11\/20241124_130438-300x169.jpg 300w, https:\/\/www.svennussbaumer.com\/wp-content\/uploads\/2024\/11\/20241124_130438-768x432.jpg 768w, https:\/\/www.svennussbaumer.com\/wp-content\/uploads\/2024\/11\/20241124_130438-1536x865.jpg 1536w, https:\/\/www.svennussbaumer.com\/wp-content\/uploads\/2024\/11\/20241124_130438-2048x1153.jpg 2048w\" sizes=\"auto, (max-width: 1024px) 100vw, 1024px\" \/><\/figure>\n<\/div>\n\n\n\n<div class=\"wp-block-column is-layout-flow wp-block-column-is-layout-flow\">\n<figure class=\"wp-block-image size-large\"><img loading=\"lazy\" decoding=\"async\" width=\"1024\" height=\"577\" src=\"https:\/\/www.svennussbaumer.com\/wp-content\/uploads\/2024\/11\/20241122_201425-1024x577.jpg\" alt=\"\" class=\"wp-image-50\" srcset=\"https:\/\/www.svennussbaumer.com\/wp-content\/uploads\/2024\/11\/20241122_201425-1024x577.jpg 1024w, https:\/\/www.svennussbaumer.com\/wp-content\/uploads\/2024\/11\/20241122_201425-300x169.jpg 300w, https:\/\/www.svennussbaumer.com\/wp-content\/uploads\/2024\/11\/20241122_201425-768x432.jpg 768w, https:\/\/www.svennussbaumer.com\/wp-content\/uploads\/2024\/11\/20241122_201425-1536x865.jpg 1536w, https:\/\/www.svennussbaumer.com\/wp-content\/uploads\/2024\/11\/20241122_201425-2048x1153.jpg 2048w\" sizes=\"auto, (max-width: 1024px) 100vw, 1024px\" \/><\/figure>\n<\/div>\n<\/div>\n\n\n\n<figure class=\"wp-block-image size-large\"><img loading=\"lazy\" decoding=\"async\" width=\"1024\" height=\"577\" src=\"https:\/\/www.svennussbaumer.com\/wp-content\/uploads\/2024\/11\/20241122_212558-1-1024x577.jpg\" alt=\"\" class=\"wp-image-55\" srcset=\"https:\/\/www.svennussbaumer.com\/wp-content\/uploads\/2024\/11\/20241122_212558-1-1024x577.jpg 1024w, https:\/\/www.svennussbaumer.com\/wp-content\/uploads\/2024\/11\/20241122_212558-1-300x169.jpg 300w, https:\/\/www.svennussbaumer.com\/wp-content\/uploads\/2024\/11\/20241122_212558-1-768x432.jpg 768w, https:\/\/www.svennussbaumer.com\/wp-content\/uploads\/2024\/11\/20241122_212558-1-1536x865.jpg 1536w, https:\/\/www.svennussbaumer.com\/wp-content\/uploads\/2024\/11\/20241122_212558-1-2048x1153.jpg 2048w\" sizes=\"auto, (max-width: 1024px) 100vw, 1024px\" \/><\/figure>\n\n\n\n<p>&#171;Das sch\u00f6nste Lob der G\u00e4ste? Wenn sie mir sagen, dass sie uns gerne wieder besuchen.&#187;<\/p>\n\n\n\n<p>&#171;Ich bin stolz, Koch zu sein!&#187;<\/p>\n\n\n\n<p><\/p>\n","protected":false},"excerpt":{"rendered":"<p>Sven Nussbaumer Herzlich Willkommen, unser Credo: Menschen mit unserer Arbeit gl\u00fccklich zu machen. &#171;Das sch\u00f6nste Lob der G\u00e4ste? Wenn sie mir sagen, dass sie uns gerne wieder besuchen.&#187; &#171;Ich bin stolz, Koch zu sein!&#187;<\/p>\n","protected":false},"author":1,"featured_media":0,"parent":0,"menu_order":0,"comment_status":"closed","ping_status":"closed","template":"","meta":{"footnotes":""},"class_list":["post-54","page","type-page","status-publish","hentry"],"_links":{"self":[{"href":"https:\/\/www.svennussbaumer.com\/index.php\/wp-json\/wp\/v2\/pages\/54","targetHints":{"allow":["GET"]}}],"collection":[{"href":"https:\/\/www.svennussbaumer.com\/index.php\/wp-json\/wp\/v2\/pages"}],"about":[{"href":"https:\/\/www.svennussbaumer.com\/index.php\/wp-json\/wp\/v2\/types\/page"}],"author":[{"embeddable":true,"href":"https:\/\/www.svennussbaumer.com\/index.php\/wp-json\/wp\/v2\/users\/1"}],"replies":[{"embeddable":true,"href":"https:\/\/www.svennussbaumer.com\/index.php\/wp-json\/wp\/v2\/comments?post=54"}],"version-history":[{"count":7,"href":"https:\/\/www.svennussbaumer.com\/index.php\/wp-json\/wp\/v2\/pages\/54\/revisions"}],"predecessor-version":[{"id":93,"href":"https:\/\/www.svennussbaumer.com\/index.php\/wp-json\/wp\/v2\/pages\/54\/revisions\/93"}],"wp:attachment":[{"href":"https:\/\/www.svennussbaumer.com\/index.php\/wp-json\/wp\/v2\/media?parent=54"}],"curies":[{"name":"wp","href":"https:\/\/api.w.org\/{rel}","templated":true}]}}